{"id":280,"date":"2025-02-09T01:33:52","date_gmt":"2025-02-09T01:33:52","guid":{"rendered":"https:\/\/mejor-sonido.com\/wp\/?post_type=product&#038;p=280"},"modified":"2025-04-25T17:16:52","modified_gmt":"2025-04-25T17:16:52","slug":"combo-cabezal-altavoz-2-x-12-20-w-tubos","status":"publish","type":"product","link":"https:\/\/mejor-sonido.com\/wp\/product\/combo-cabezal-altavoz-2-x-12-20-w-tubos\/","title":{"rendered":"Combo cabezal + altavoz 2 x 12&#8243; 20 w tubos"},"content":{"rendered":"<ul>\n<li><span>Reverberaci\u00f3n con calidad de estudio incorporada<\/span><\/li>\n<li><span>20 vatios RMS<\/span><\/li>\n<li><span>Tubos seleccionados a mano ECC83 y EL84 cargados<\/span><\/li>\n<li><span>Mecanismo de inclinaci\u00f3n<\/span><\/li>\n<li><span>Funda de almohada bordada con forma de coraz\u00f3n de le\u00f3n incluida<\/span><\/li>\n<li><span>FS2-MINI suministrado<\/span><\/li>\n<li><span>Bucle de efectos conmutable<\/span><\/li>\n<li><span>Interruptor brillante<\/span><\/li>\n<\/ul>\n","protected":false},"excerpt":{"rendered":"<p>Dise\u00f1ado, fabricado y fabricado con orgullo en Gran Breta\u00f1a. El Lionheart L20T-212 es un combo de 20 vatios, paralelo, de un solo extremo, de clase \u00abA\u00bb completamente a v\u00e1lvulas, que ofrece una gran variedad de tonos de guitarra limpios, n\u00edtidos, din\u00e1micos y abiertos. Con un menor \u00e9nfasis en la distorsi\u00f3n del preamplificador, el L20T-212 te permite escuchar m\u00e1s de ti, el int\u00e9rprete, y de tu guitarra, y sentir c\u00f3mo las v\u00e1lvulas de potencia se cortan hasta romperse, lo que proporciona un contenido arm\u00f3nico mucho m\u00e1s rico y un rango din\u00e1mico m\u00e1s amplio que muchos otros amplificadores. El L20T-212 est\u00e1 equipado con dos altavoces diferentes, un Celestion G12H 70th Anniversary y un Vintage 30, lo que le da al L20T-212 una personalidad dividida: ideal para el estudio y maravilloso para el escenario, donde puedes mezclar y combinar el controlador que quieras que se microfonee. Sea cual sea tu estilo, toca a trav\u00e9s de un Lionheart y te sorprender\u00e1 c\u00f3mo reacciona a tu toque.<\/p>\n","protected":false},"featured_media":694,"template":"","meta":[],"product_brand":[46],"product_cat":[83],"product_tag":[],"class_list":{"0":"post-280","1":"product","2":"type-product","3":"status-publish","4":"has-post-thumbnail","6":"product_brand-laney","7":"product_cat-parlantes","9":"first","10":"instock","11":"taxable","12":"shipping-taxable","13":"purchasable","14":"product-type-simple"},"_links":{"self":[{"href":"https:\/\/mejor-sonido.com\/wp\/wp-json\/wp\/v2\/product\/280","targetHints":{"allow":["GET"]}}],"collection":[{"href":"https:\/\/mejor-sonido.com\/wp\/wp-json\/wp\/v2\/product"}],"about":[{"href":"https:\/\/mejor-sonido.com\/wp\/wp-json\/wp\/v2\/types\/product"}],"wp:featuredmedia":[{"embeddable":true,"href":"https:\/\/mejor-sonido.com\/wp\/wp-json\/wp\/v2\/media\/694"}],"wp:attachment":[{"href":"https:\/\/mejor-sonido.com\/wp\/wp-json\/wp\/v2\/media?parent=280"}],"wp:term":[{"taxonomy":"product_brand","embeddable":true,"href":"https:\/\/mejor-sonido.com\/wp\/wp-json\/wp\/v2\/product_brand?post=280"},{"taxonomy":"product_cat","embeddable":true,"href":"https:\/\/mejor-sonido.com\/wp\/wp-json\/wp\/v2\/product_cat?post=280"},{"taxonomy":"product_tag","embeddable":true,"href":"https:\/\/mejor-sonido.com\/wp\/wp-json\/wp\/v2\/product_tag?post=280"}],"curies":[{"name":"wp","href":"https:\/\/api.w.org\/{rel}","templated":true}]}}