{"id":279,"date":"2025-02-09T01:33:52","date_gmt":"2025-02-09T01:33:52","guid":{"rendered":"https:\/\/mejor-sonido.com\/wp\/?post_type=product&#038;p=279"},"modified":"2025-04-25T17:16:01","modified_gmt":"2025-04-25T17:16:01","slug":"combo-para-bajo-200-w-rms-tubos-cabinas-2x10","status":"publish","type":"product","link":"https:\/\/mejor-sonido.com\/wp\/product\/combo-para-bajo-200-w-rms-tubos-cabinas-2x10\/","title":{"rendered":"Combo para bajo 200 w rms tubos + cabinas 2&#215;10"},"content":{"rendered":"<ul>\n<li><span>200 vatios RMS<\/span><\/li>\n<li><span>2 woofers HH Blue Label de 10&#8243;<\/span><\/li>\n<li><span>Controlador de compresi\u00f3n LaVoce de 1&#8243;<\/span><\/li>\n<li><span>Secciones de preamplificador FET y TUBE.<\/span><\/li>\n<li><span>Secciones de preamplificador FET y TUBE mezclables<\/span><\/li>\n<li><span>Curvas de ecualizaci\u00f3n preformadas MID seleccionables<\/span><\/li>\n<li><span>Funci\u00f3n TILT &#8216;EQ Seesaw&#8217;<\/span><\/li>\n<li><span>Salida DI balanceada XLR pre\/post seleccionable<\/span><\/li>\n<li><span>Salida para tel\u00e9fonos de 3,5 mm<\/span><\/li>\n<li><span>Entrada auxiliar est\u00e9reo de 3,5 mm<\/span><\/li>\n<li><span>Bucle de efectos<\/span><\/li>\n<li><span>Elevaci\u00f3n de tierra<\/span><\/li>\n<li><span>Manijas de agarre ergon\u00f3micas de metal montadas en los laterales<\/span><\/li>\n<li><span>Carga m\u00ednima 4 ohmios<\/span><\/li>\n<li><span>2 canales<\/span><\/li>\n<\/ul>\n","protected":false},"excerpt":{"rendered":"<p>El combo Digbeth DB200-210 ofrece un atractivo vintage y una funcionalidad ultramoderna en un formato compacto. El DB200-210 ofrece una gama de tonos FET y de v\u00e1lvulas que no estaban disponibles anteriormente, en un amplificador de bajo s\u00faper compacto, potente y port\u00e1til.<\/p>\n","protected":false},"featured_media":628,"template":"","meta":[],"product_brand":[46],"product_cat":[83],"product_tag":[],"class_list":{"0":"post-279","1":"product","2":"type-product","3":"status-publish","4":"has-post-thumbnail","6":"product_brand-laney","7":"product_cat-parlantes","9":"first","10":"instock","11":"taxable","12":"shipping-taxable","13":"purchasable","14":"product-type-simple"},"_links":{"self":[{"href":"https:\/\/mejor-sonido.com\/wp\/wp-json\/wp\/v2\/product\/279","targetHints":{"allow":["GET"]}}],"collection":[{"href":"https:\/\/mejor-sonido.com\/wp\/wp-json\/wp\/v2\/product"}],"about":[{"href":"https:\/\/mejor-sonido.com\/wp\/wp-json\/wp\/v2\/types\/product"}],"wp:featuredmedia":[{"embeddable":true,"href":"https:\/\/mejor-sonido.com\/wp\/wp-json\/wp\/v2\/media\/628"}],"wp:attachment":[{"href":"https:\/\/mejor-sonido.com\/wp\/wp-json\/wp\/v2\/media?parent=279"}],"wp:term":[{"taxonomy":"product_brand","embeddable":true,"href":"https:\/\/mejor-sonido.com\/wp\/wp-json\/wp\/v2\/product_brand?post=279"},{"taxonomy":"product_cat","embeddable":true,"href":"https:\/\/mejor-sonido.com\/wp\/wp-json\/wp\/v2\/product_cat?post=279"},{"taxonomy":"product_tag","embeddable":true,"href":"https:\/\/mejor-sonido.com\/wp\/wp-json\/wp\/v2\/product_tag?post=279"}],"curies":[{"name":"wp","href":"https:\/\/api.w.org\/{rel}","templated":true}]}}