{"id":255,"date":"2025-02-09T01:33:44","date_gmt":"2025-02-09T01:33:44","guid":{"rendered":"https:\/\/mejor-sonido.com\/wp\/?post_type=product&#038;p=255"},"modified":"2025-11-27T15:41:28","modified_gmt":"2025-11-27T15:41:28","slug":"microfono-vocal-dinamico-cardioide-audio-technica","status":"publish","type":"product","link":"https:\/\/mejor-sonido.com\/wp\/product\/microfono-vocal-dinamico-cardioide-audio-technica\/","title":{"rendered":"Microfono vocal dinamico cardioide audio-technica"},"content":{"rendered":"<ul>\n<li>Amortiguador interno de nuevo dise\u00f1o que reduce el ruido de manipulado y de escenario<\/li>\n<li>Optimizado para ofrece un reproducci\u00f3n uniforme y natural de la voz<\/li>\n<li>Patr\u00f3n polar cardioide que reduce la captaci\u00f3n de sonidos procedentes de los laterales y la parte posterior, mejorando el aislamiento del sonido deseado<\/li>\n<li>Robusto, para aplicaciones profesionales<\/li>\n<li>Im\u00e1n de tierras raras para mejorar el nivel de salida y la respuesta a los transitorios<\/li>\n<li>Excelente rechazo fuera del eje para una m\u00ednima realimentaci\u00f3n ac\u00fastica<\/li>\n<li>Dise\u00f1o de rejilla multicapa, que ofrece un excelente rechazo a los sonidos oclusivos y sibilantes sin comprometer la calidad de las frecuencias elevadas<\/li>\n<li>Pinza Quiet-Flex\u2122 que permite un posicionamiento flexible y silencioso del micr\u00f3fono<\/li>\n<li>Conector tipo XLRM con contactos dorados, resistentes a la corrosi\u00f3n<\/li>\n<li>Dise\u00f1o robusto, de construcci\u00f3n totalmente met\u00e1lica, que garantiza a\u00f1os de uso sin problemas<\/li>\n<\/ul>\n<p>&nbsp;<\/p>\n","protected":false},"excerpt":{"rendered":"<div class=\"product-hero__intro-text\">\n<p>El micr\u00f3fono de mano din\u00e1mico ATM510 est\u00e1 dise\u00f1ado para conseguir una reproducci\u00f3n vocal suave y natural y cuenta con c\u00e1psulas cardioides reducen la captaci\u00f3n de sonidos laterales y posteriores, maximizando el aislamiento de la fuente de sonido deseada y minimizando la retroalimentaci\u00f3n. Est\u00e1 equipado con un im\u00e1n de tierras raras que mejora la salida y la respuesta a transitorios, una amortiguaci\u00f3n interna antivibraci\u00f3n especialmente dise\u00f1ada para reducir el ruido de la manipulaci\u00f3n y el escenario.<\/p>\n<\/div>\n<div class=\"product-hero__expanded-text\"><\/div>\n","protected":false},"featured_media":858,"template":"","meta":[],"product_brand":[108],"product_cat":[83],"product_tag":[],"class_list":{"0":"post-255","1":"product","2":"type-product","3":"status-publish","4":"has-post-thumbnail","6":"product_brand-audio-technica","7":"product_cat-parlantes","9":"first","10":"instock","11":"taxable","12":"shipping-taxable","13":"purchasable","14":"product-type-simple"},"_links":{"self":[{"href":"https:\/\/mejor-sonido.com\/wp\/wp-json\/wp\/v2\/product\/255","targetHints":{"allow":["GET"]}}],"collection":[{"href":"https:\/\/mejor-sonido.com\/wp\/wp-json\/wp\/v2\/product"}],"about":[{"href":"https:\/\/mejor-sonido.com\/wp\/wp-json\/wp\/v2\/types\/product"}],"wp:featuredmedia":[{"embeddable":true,"href":"https:\/\/mejor-sonido.com\/wp\/wp-json\/wp\/v2\/media\/858"}],"wp:attachment":[{"href":"https:\/\/mejor-sonido.com\/wp\/wp-json\/wp\/v2\/media?parent=255"}],"wp:term":[{"taxonomy":"product_brand","embeddable":true,"href":"https:\/\/mejor-sonido.com\/wp\/wp-json\/wp\/v2\/product_brand?post=255"},{"taxonomy":"product_cat","embeddable":true,"href":"https:\/\/mejor-sonido.com\/wp\/wp-json\/wp\/v2\/product_cat?post=255"},{"taxonomy":"product_tag","embeddable":true,"href":"https:\/\/mejor-sonido.com\/wp\/wp-json\/wp\/v2\/product_tag?post=255"}],"curies":[{"name":"wp","href":"https:\/\/api.w.org\/{rel}","templated":true}]}}