{"id":1688,"date":"2025-03-18T16:43:14","date_gmt":"2025-03-18T16:43:14","guid":{"rendered":"https:\/\/mejor-sonido.com\/wp\/?post_type=product&#038;p=1688"},"modified":"2026-03-26T15:59:03","modified_gmt":"2026-03-26T15:59:03","slug":"interfaz-de-audio-10-entradas-14-salidas","status":"publish","type":"product","link":"https:\/\/mejor-sonido.com\/wp\/product\/interfaz-de-audio-10-entradas-14-salidas\/","title":{"rendered":"Interfaz de audio 10 entradas\/14 salidas"},"content":{"rendered":"<p>Especificaciones:<br \/>\n2 preamplificadores de micr\u00f3fono Audient Console clase A<br \/>\nConvertidores AD\/DA l\u00edderes en su clase<br \/>\n1 entrada de instrumento JFET discreta<br \/>\nSalidas de altavoz principal y alternativo<br \/>\n1 salida dual de auriculares independiente<br \/>\n1 entrada y salida ADAT<br \/>\n2 inserciones totalmente balanceadas<br \/>\nMezclador DSP de latencia ultrabaja<br \/>\nBucle de audio<br \/>\nScrollControl<br \/>\n3 teclas de funci\u00f3n definidas por el usuario<br \/>\nControles de atenuaci\u00f3n y corte dedicados<br \/>\nInterruptores de +48 V, pad y filtro de paso alto (HPF)<br \/>\nAlimentaci\u00f3n por bus USB 3.0<br \/>\n24 bits\/96 kHz<br \/>\nSalida Word Clock<br \/>\nDise\u00f1o totalmente met\u00e1lico<br \/>\nSoftware y plugins gratuitos<\/p>\n<p>Contenido de la caja:<br \/>\niD24<br \/>\nCable USB tipo C<br \/>\nGu\u00eda de inicio r\u00e1pido<\/p>\n<p>La gama de interfaces iD<br \/>\nCompara las caracter\u00edsticas<\/p>\n","protected":false},"excerpt":{"rendered":"<p>Con dos preamplificadores de micr\u00f3fono Audient Console, convertidores l\u00edderes en su clase y un dise\u00f1o intuitivo, el iD24 combina a la perfecci\u00f3n un rendimiento de audio excepcional con una gran facilidad de uso. Adem\u00e1s, incorpora funciones profesionales imprescindibles como inserciones balanceadas, capacidad de expansi\u00f3n ADAT, reloj mundial BNC y control de monitorizaci\u00f3n personalizable. Con el iD24, obtener resultados con calidad de estudio es m\u00e1s f\u00e1cil que nunca.<\/p>\n","protected":false},"featured_media":1689,"template":"","meta":[],"product_brand":[102],"product_cat":[83],"product_tag":[],"class_list":{"0":"post-1688","1":"product","2":"type-product","3":"status-publish","4":"has-post-thumbnail","6":"product_brand-evo","7":"product_cat-parlantes","9":"first","10":"outofstock","11":"taxable","12":"shipping-taxable","13":"purchasable","14":"product-type-simple"},"_links":{"self":[{"href":"https:\/\/mejor-sonido.com\/wp\/wp-json\/wp\/v2\/product\/1688","targetHints":{"allow":["GET"]}}],"collection":[{"href":"https:\/\/mejor-sonido.com\/wp\/wp-json\/wp\/v2\/product"}],"about":[{"href":"https:\/\/mejor-sonido.com\/wp\/wp-json\/wp\/v2\/types\/product"}],"wp:featuredmedia":[{"embeddable":true,"href":"https:\/\/mejor-sonido.com\/wp\/wp-json\/wp\/v2\/media\/1689"}],"wp:attachment":[{"href":"https:\/\/mejor-sonido.com\/wp\/wp-json\/wp\/v2\/media?parent=1688"}],"wp:term":[{"taxonomy":"product_brand","embeddable":true,"href":"https:\/\/mejor-sonido.com\/wp\/wp-json\/wp\/v2\/product_brand?post=1688"},{"taxonomy":"product_cat","embeddable":true,"href":"https:\/\/mejor-sonido.com\/wp\/wp-json\/wp\/v2\/product_cat?post=1688"},{"taxonomy":"product_tag","embeddable":true,"href":"https:\/\/mejor-sonido.com\/wp\/wp-json\/wp\/v2\/product_tag?post=1688"}],"curies":[{"name":"wp","href":"https:\/\/api.w.org\/{rel}","templated":true}]}}