{"id":1678,"date":"2025-03-18T16:17:56","date_gmt":"2025-03-18T16:17:56","guid":{"rendered":"https:\/\/mejor-sonido.com\/wp\/?post_type=product&#038;p=1678"},"modified":"2025-04-24T15:49:27","modified_gmt":"2025-04-24T15:49:27","slug":"audient-apacau30-evosp8","status":"publish","type":"product","link":"https:\/\/mejor-sonido.com\/wp\/product\/audient-apacau30-evosp8\/","title":{"rendered":"EVO-SP8 preamplificador inteligente con AD\/DA"},"content":{"rendered":"<div class=\"wpb_text_column wpb_content_element wpb_animate_when_almost_visible wpb_fadeInUp fadeInUp wpb_start_animation animated\">\n<div class=\"wpb_wrapper\">\n<p class=\"fontmedium fontwhite\"><span>El preamplificador de micr\u00f3fono EVO<\/span><\/p>\n<\/div>\n<\/div>\n<div class=\"wpb_text_column wpb_content_element wpb_animate_when_almost_visible wpb_fadeInUp fadeInUp wpb_start_animation animated\">\n<div class=\"wpb_wrapper\">\n<p class=\"fontbold fontwhite\"><span>Obtenga\u00a0grabaciones\u00a0<\/span><span>con calidad de estudio<\/span><\/p>\n<\/div>\n<\/div>\n<div class=\"wpb_text_column wpb_content_element wpb_animate_when_almost_visible wpb_fadeInUp fadeInUp paddingleftright5vw wpb_start_animation animated\">\n<div class=\"wpb_wrapper\">\n<p class=\"fontlight fontwhite\">Descubre los preamplificadores que tu estudio necesita. Ocho preamplificadores EVO de impresionante sonido mejorar\u00e1n tus grabaciones sin esfuerzo, ofreciendo un rendimiento de audio de calidad profesional, respaldado por 25 a\u00f1os de experiencia en ingenier\u00eda. Nuestro preamplificador de micr\u00f3fono anal\u00f3gico est\u00e1 dise\u00f1ado para ofrecer la versi\u00f3n m\u00e1s precisa, limpia y fiel a la fuente de tu audio, sin importar lo que est\u00e9s grabando.<\/p>\n<div class=\"wpb_column vc_column_container vc_col-sm-8\">\n<div class=\"vc_column-inner \">\n<div class=\"wpb_wrapper\">\n<div class=\"wpb_text_column wpb_content_element wpb_animate_when_almost_visible wpb_fadeInUp fadeInUp wpb_start_animation animated\">\n<div class=\"wpb_wrapper\">\n<p class=\"fontlight fontevoblack\"><span>En el estudio, el sonido lo es todo, y los convertidores AD\/DA de alto rendimiento del EVO SP8 utilizan tecnolog\u00eda de 32 bits para garantizar que escuches el audio con precisi\u00f3n en todo momento, ya sea grabando m\u00fasica o enviando audio a tu equipo externo favorito y de vuelta al mezclar. Mejores convertidores significan mejor audio, lo que te ayuda a tomar decisiones creativas con confianza, identificar problemas y optimizar tus grabaciones y mezclas.<\/span><\/p>\n<\/div>\n<\/div>\n<\/div>\n<\/div>\n<\/div>\n<\/div>\n<\/div>\n","protected":false},"excerpt":{"rendered":"<div class=\"wpb_column vc_column_container vc_col-sm-8\">\n<div class=\"vc_column-inner \">\n<div class=\"wpb_wrapper\">\n<div class=\"wpb_text_column wpb_content_element wpb_animate_when_almost_visible wpb_fadeInUp fadeInUp paddingleftright5vw wpb_start_animation animated\">\n<div class=\"wpb_wrapper\">\n<p class=\"fontlight fontevoblack\"><span>El expansor de preamplificador de estudio definitivo ya est\u00e1 aqu\u00ed. El EVO SP8 est\u00e1 dise\u00f1ado para ser el complemento perfecto para ampliar tu interfaz de audio. Dale a tu estudio el rendimiento y la capacidad que necesita con ocho preamplificadores EVO inteligentes que configuran sus propios niveles con Smartgain, tecnolog\u00eda avanzada de conversi\u00f3n AD\/DA y una vers\u00e1til gama de conexiones de E\/S. A\u00f1\u00e1dele dos entradas de instrumento JFET, el nuevo e innovador sistema de control Motion UI y un rendimiento de audio excepcional en todos los \u00e1mbitos. El EVO SP8 podr\u00eda ser\u00a0<\/span><span class=\"fontsemibold\"><span>el preamplificador de micr\u00f3fono m\u00e1s inteligente del mundo.<\/span><\/span><\/p>\n<\/div>\n<\/div>\n<\/div>\n<\/div>\n<\/div>\n<div class=\"wpb_column vc_column_container vc_col-sm-2\"><\/div>\n","protected":false},"featured_media":1679,"template":"","meta":[],"product_brand":[102],"product_cat":[83],"product_tag":[],"class_list":{"0":"post-1678","1":"product","2":"type-product","3":"status-publish","4":"has-post-thumbnail","6":"product_brand-evo","7":"product_cat-parlantes","9":"first","10":"instock","11":"taxable","12":"shipping-taxable","13":"purchasable","14":"product-type-simple"},"_links":{"self":[{"href":"https:\/\/mejor-sonido.com\/wp\/wp-json\/wp\/v2\/product\/1678","targetHints":{"allow":["GET"]}}],"collection":[{"href":"https:\/\/mejor-sonido.com\/wp\/wp-json\/wp\/v2\/product"}],"about":[{"href":"https:\/\/mejor-sonido.com\/wp\/wp-json\/wp\/v2\/types\/product"}],"wp:featuredmedia":[{"embeddable":true,"href":"https:\/\/mejor-sonido.com\/wp\/wp-json\/wp\/v2\/media\/1679"}],"wp:attachment":[{"href":"https:\/\/mejor-sonido.com\/wp\/wp-json\/wp\/v2\/media?parent=1678"}],"wp:term":[{"taxonomy":"product_brand","embeddable":true,"href":"https:\/\/mejor-sonido.com\/wp\/wp-json\/wp\/v2\/product_brand?post=1678"},{"taxonomy":"product_cat","embeddable":true,"href":"https:\/\/mejor-sonido.com\/wp\/wp-json\/wp\/v2\/product_cat?post=1678"},{"taxonomy":"product_tag","embeddable":true,"href":"https:\/\/mejor-sonido.com\/wp\/wp-json\/wp\/v2\/product_tag?post=1678"}],"curies":[{"name":"wp","href":"https:\/\/api.w.org\/{rel}","templated":true}]}}