{"id":1503,"date":"2025-03-13T17:58:30","date_gmt":"2025-03-13T17:58:30","guid":{"rendered":"https:\/\/mejor-sonido.com\/wp\/?post_type=product&#038;p=1503"},"modified":"2025-04-24T17:13:35","modified_gmt":"2025-04-24T17:13:35","slug":"toca-2300amb-conga","status":"publish","type":"product","link":"https:\/\/mejor-sonido.com\/wp\/product\/toca-2300amb-conga\/","title":{"rendered":"Conga set 10&#8243;Quinto y 11&#8243;Conga color ambar Toca"},"content":{"rendered":"<ul class=\"a-unordered-list a-vertical a-spacing-mini\">\n<li class=\"a-spacing-mini\"><span class=\"a-list-item\">Di\u00e1metro de cabeza de 10 pulgadas y 11 pulgadas<\/span><\/li>\n<li class=\"a-spacing-mini\"><span class=\"a-list-item\">Cabezales de cuero crudo Tural<\/span><\/li>\n<li class=\"a-spacing-mini\"><span class=\"a-list-item\">Construcci\u00f3n de carcasa de madera de dos capas de 28 pulgadas<\/span><\/li>\n<li class=\"a-spacing-mini\"><span class=\"a-list-item\">Hardware recubierto de polvo negro<\/span><\/li>\n<\/ul>\n","protected":false},"excerpt":{"rendered":"<div id=\"productDescription_feature_div\" class=\"celwidget\" data-feature-name=\"productDescription\" data-csa-c-type=\"widget\" data-csa-c-content-id=\"productDescription\" data-csa-c-slot-id=\"productDescription_feature_div\" data-csa-c-asin=\"\" data-csa-c-is-in-initial-active-row=\"false\" data-cel-widget=\"productDescription_feature_div\" data-csa-c-id=\"wqduyc-8c7oms-jwx1ux-wz3vq5\">\n<div>\n<div id=\"productDescription_feature_div\" class=\"a-row feature\" data-feature-name=\"productDescription\" data-template-name=\"productDescription\" data-cel-widget=\"productDescription_feature_div\">\n<div id=\"productDescription\" class=\"a-section a-spacing-small\">\n<p>Toca Se compromete a ser verde. La madera que utilizamos se cosecha de una plantaci\u00f3n en Tailandia, donde nuestros tambores son torneados y hechos a mano por m\u00fasicos locales. este recurso cuidadosamente gestionado es mucho m\u00e1s f\u00e1cil para el medio ambiente que la madera extra\u00edda de bosques primarios.<\/p>\n<\/div>\n<\/div>\n<\/div>\n<\/div>\n<div id=\"brandInsights_feature_div_1\" class=\"celwidget\" data-feature-name=\"brandInsights\" data-csa-c-type=\"widget\" data-csa-c-content-id=\"brandInsights\" data-csa-c-slot-id=\"brandInsights_feature_div_1\" data-csa-c-asin=\"\" data-csa-c-is-in-initial-active-row=\"false\" data-cel-widget=\"brandInsights_feature_div_1\" data-csa-c-id=\"4ufi69-re35dj-39h9f6-kbt1z4\"><\/div>\n<div id=\"brandInsights_feature_div_3\" class=\"celwidget\" data-feature-name=\"brandInsights\" data-csa-c-type=\"widget\" data-csa-c-content-id=\"brandInsights\" data-csa-c-slot-id=\"brandInsights_feature_div_3\" data-csa-c-asin=\"\" data-csa-c-is-in-initial-active-row=\"false\" data-cel-widget=\"brandInsights_feature_div_3\" data-csa-c-id=\"4wujq1-rfwfar-sn50dk-rw90w2\"><\/div>\n<div id=\"aplus_feature_div\" class=\"celwidget\" data-feature-name=\"aplus\" data-csa-c-type=\"widget\" data-csa-c-content-id=\"aplus\" data-csa-c-slot-id=\"aplus_feature_div\" data-csa-c-asin=\"\" data-csa-c-is-in-initial-active-row=\"false\" data-cel-widget=\"aplus_feature_div\" data-csa-c-id=\"cki1jx-2iwf43-7qqt1e-k4shbo\"><\/div>\n<div id=\"aplusBrandStory_feature_div\" class=\"celwidget\" data-feature-name=\"aplusBrandStory\" data-csa-c-type=\"widget\" data-csa-c-content-id=\"aplusBrandStory\" data-csa-c-slot-id=\"aplusBrandStory_feature_div\" data-csa-c-asin=\"\" data-csa-c-is-in-initial-active-row=\"false\" data-cel-widget=\"aplusBrandStory_feature_div\" data-csa-c-id=\"a1vswh-fkoq7c-ykchq8-ybsn0f\"><\/div>\n<div id=\"aplusSustainabilityStory_feature_div\" class=\"celwidget\" data-feature-name=\"aplusSustainabilityStory\" data-csa-c-type=\"widget\" data-csa-c-content-id=\"aplusSustainabilityStory\" data-csa-c-slot-id=\"aplusSustainabilityStory_feature_div\" data-csa-c-asin=\"\" data-csa-c-is-in-initial-active-row=\"false\" data-cel-widget=\"aplusSustainabilityStory_feature_div\" data-csa-c-id=\"4y12r-p6ro01-libjyr-ozgw2t\"><\/div>\n<div id=\"HLCXComparisonWidget_Secondary_wdgs-4-T2\" class=\"celwidget\" data-feature-name=\"HLCXComparisonWidget_Secondary_wdgs-4-T2\" data-csa-c-type=\"widget\" data-csa-c-content-id=\"HLCXComparisonWidget_Secondary_wdgs-4-T2\" data-csa-c-slot-id=\"HLCXComparisonWidget_Secondary_wdgs-4-T2\" data-csa-c-asin=\"\" data-csa-c-is-in-initial-active-row=\"false\" data-cel-widget=\"HLCXComparisonWidget_Secondary_wdgs-4-T2\" data-csa-c-id=\"ame17i-9trv41-vi8kd2-b8yxo6\">\n<div id=\"product-comparison_feature_div\" class=\"celwidget\" data-feature-name=\"product-comparison\" data-csa-c-type=\"widget\" data-csa-c-content-id=\"product-comparison\" data-csa-c-slot-id=\"product-comparison_feature_div\" data-csa-c-asin=\"\" data-csa-c-is-in-initial-active-row=\"false\" data-cel-widget=\"product-comparison_feature_div\" data-csa-c-id=\"755vgg-rsj7hl-t8xnmf-i4xl61\">\n<div class=\"celwidget\" data-cel-widget=\"sims-consolidated-4_csm_instrumentation_wrapper\" data-csa-c-id=\"un1ll8-r4b4gy-2n4yry-tty5o\">\n<div class=\"celwidget pd_rd_w-dwuf9 content-id-amzn1.sym.cd152278-debd-42b9-91b9-6f271389fda7 pf_rd_p-cd152278-debd-42b9-91b9-6f271389fda7 pf_rd_r-EAYSGVBQ53D7T33ZA4EF pd_rd_wg-gzi4A pd_rd_r-05769ec5-4808-443d-a55b-59b549ed8a69 c-f\" data-csa-op-log-render=\"\" data-csa-c-content-id=\"amzn1.sym.cd152278-debd-42b9-91b9-6f271389fda7\" data-csa-c-slot-id=\"comparison-container-6\" data-csa-c-type=\"widget\" data-csa-c-painter=\"product-comparison-desktop-cards\" data-cel-widget=\"product-comparison-desktop_DPSims_5\" data-csa-c-id=\"48jzt6-savl5j-tb64n1-g9d7jg\">\n<div id=\"CardInstancejRPE1eL9tt-fGB4hzTeeTQ\" class=\"_product-comparison-desktop_styles_psem-product-comparison__22yGa\" data-card-metrics-id=\"product-comparison-desktop_DPSims_5\" data-acp-tracking=\"{&quot;pd_rd_w&quot;:&quot;dwuf9&quot;,&quot;content-id&quot;:&quot;amzn1.sym.cd152278-debd-42b9-91b9-6f271389fda7&quot;,&quot;pf_rd_p&quot;:&quot;cd152278-debd-42b9-91b9-6f271389fda7&quot;,&quot;pf_rd_r&quot;:&quot;EAYSGVBQ53D7T33ZA4EF&quot;,&quot;pd_rd_wg&quot;:&quot;gzi4A&quot;,&quot;pd_rd_r&quot;:&quot;05769ec5-4808-443d-a55b-59b549ed8a69&quot;,&quot;ref_&quot;:&quot;pd_ci_mcx_pspc_dp_2&quot;}\" data-mix-claimed=\"true\">\n<div class=\"_product-comparison-desktop_desktopFaceoutStyle_comparison-card-wrapper__udgEs\"><\/div>\n<\/div>\n<\/div>\n<\/div>\n<\/div>\n<\/div>\n","protected":false},"featured_media":1504,"template":"","meta":[],"product_brand":[52],"product_cat":[83],"product_tag":[],"class_list":{"0":"post-1503","1":"product","2":"type-product","3":"status-publish","4":"has-post-thumbnail","6":"product_brand-toca","7":"product_cat-parlantes","9":"first","10":"instock","11":"taxable","12":"shipping-taxable","13":"purchasable","14":"product-type-simple"},"_links":{"self":[{"href":"https:\/\/mejor-sonido.com\/wp\/wp-json\/wp\/v2\/product\/1503","targetHints":{"allow":["GET"]}}],"collection":[{"href":"https:\/\/mejor-sonido.com\/wp\/wp-json\/wp\/v2\/product"}],"about":[{"href":"https:\/\/mejor-sonido.com\/wp\/wp-json\/wp\/v2\/types\/product"}],"wp:featuredmedia":[{"embeddable":true,"href":"https:\/\/mejor-sonido.com\/wp\/wp-json\/wp\/v2\/media\/1504"}],"wp:attachment":[{"href":"https:\/\/mejor-sonido.com\/wp\/wp-json\/wp\/v2\/media?parent=1503"}],"wp:term":[{"taxonomy":"product_brand","embeddable":true,"href":"https:\/\/mejor-sonido.com\/wp\/wp-json\/wp\/v2\/product_brand?post=1503"},{"taxonomy":"product_cat","embeddable":true,"href":"https:\/\/mejor-sonido.com\/wp\/wp-json\/wp\/v2\/product_cat?post=1503"},{"taxonomy":"product_tag","embeddable":true,"href":"https:\/\/mejor-sonido.com\/wp\/wp-json\/wp\/v2\/product_tag?post=1503"}],"curies":[{"name":"wp","href":"https:\/\/api.w.org\/{rel}","templated":true}]}}