{"id":1310,"date":"2025-03-11T19:53:47","date_gmt":"2025-03-11T19:53:47","guid":{"rendered":"https:\/\/mejor-sonido.com\/wp\/?post_type=product&#038;p=1310"},"modified":"2026-03-26T21:53:59","modified_gmt":"2026-03-26T21:53:59","slug":"mezclador-digital-ultracompacto-de-12-entradas-y-8-salidasbolso","status":"publish","type":"product","link":"https:\/\/mejor-sonido.com\/wp\/product\/mezclador-digital-ultracompacto-de-12-entradas-y-8-salidasbolso\/","title":{"rendered":"Mezclador digital ultracompacto de 12 entradas y 8 salidas+Bolso"},"content":{"rendered":"<section class=\"layout visible\" data-animate=\"slideRight\">\n<div class=\"row\">\n<div class=\"column one-whole\">\n<div class=\"content content--tbi\">\n<div class=\"content-body\">\n<header class=\"content-header\">\n<h2 class=\"content-title no-margin\"><strong><span style=\"font-size: 16px;\">Con\u00e9ctate\u00a0<\/span><\/strong><\/h2>\n<\/header>\n<div class=\"content-main grey--dark\">\n<p class=\" no-margin \">El CQ-12T te ofrece toda la conectividad que necesitas para empezar con 10 entradas de micr\u00f3fono\/l\u00ednea divididas en 5 conectores XLR y 5 conectores combinados XLR\/TRS, adem\u00e1s de una entrada est\u00e9reo a trav\u00e9s de un par de conectores de 1\/4\u2033.<\/p>\n<p>En cuanto a las salidas, hay un par de salidas de mezcla principal en XLR m\u00e1s 6 salidas de conector TRS para mezclas de monitorizaci\u00f3n, \u00a1suficientes para toda la banda!<\/p>\n<\/div>\n<\/div>\n<\/div>\n<\/div>\n<\/div>\n<\/section>\n<section class=\"layout visible\" data-animate=\"slideLeft\">\n<div class=\"row\">\n<div class=\"column one-whole\">\n<div class=\"content content--tbi\">\n<div class=\"content-body\">\n<header class=\"content-header\">\n<p class=\"gamma charcoal content-standfirst half-margin\"><strong>Simplificar el habla<\/strong><\/p>\n<\/header>\n<div class=\"content-main grey--dark\">\n<p class=\" no-margin \">El mezclador autom\u00e1tico de micr\u00f3fonos (AMM) integrado permite reducir al instante el ruido de fondo y mejorar la claridad de las aplicaciones de voz sin tener que mover un dedo.<\/p>\n<p>El AMM est\u00e1 disponible en todos los canales de entrada, lo que lo convierte en el mezclador port\u00e1til perfecto para conferencias, podcasts, debates y producciones teatrales a peque\u00f1a escala.<\/p>\n<\/div>\n<\/div>\n<\/div>\n<\/div>\n<\/div>\n<\/section>\n","protected":false},"excerpt":{"rendered":"<header class=\"content-header\">\n<p class=\"gamma charcoal content-standfirst half-margin\">\u201cAllen &amp; Heath realmente ha dado en el clavo con el CQ-12T, ofreciendo un mezclador compacto y extremadamente inteligente que satisfar\u00e1 adecuadamente las necesidades de cualquier persona, desde el profesional exigente que trabaja en un lugar peque\u00f1o hasta el aficionado en ciernes que trabaja desde su dormitorio\u201d.<\/p>\n<\/header>\n<div class=\"content-main grey--dark\">\n<p class=\" no-margin \">\n<\/div>\n","protected":false},"featured_media":1312,"template":"","meta":[],"product_brand":[26],"product_cat":[83],"product_tag":[],"class_list":{"0":"post-1310","1":"product","2":"type-product","3":"status-publish","4":"has-post-thumbnail","6":"product_brand-allen-heath","7":"product_cat-parlantes","9":"first","10":"outofstock","11":"taxable","12":"shipping-taxable","13":"product-type-simple"},"_links":{"self":[{"href":"https:\/\/mejor-sonido.com\/wp\/wp-json\/wp\/v2\/product\/1310","targetHints":{"allow":["GET"]}}],"collection":[{"href":"https:\/\/mejor-sonido.com\/wp\/wp-json\/wp\/v2\/product"}],"about":[{"href":"https:\/\/mejor-sonido.com\/wp\/wp-json\/wp\/v2\/types\/product"}],"wp:featuredmedia":[{"embeddable":true,"href":"https:\/\/mejor-sonido.com\/wp\/wp-json\/wp\/v2\/media\/1312"}],"wp:attachment":[{"href":"https:\/\/mejor-sonido.com\/wp\/wp-json\/wp\/v2\/media?parent=1310"}],"wp:term":[{"taxonomy":"product_brand","embeddable":true,"href":"https:\/\/mejor-sonido.com\/wp\/wp-json\/wp\/v2\/product_brand?post=1310"},{"taxonomy":"product_cat","embeddable":true,"href":"https:\/\/mejor-sonido.com\/wp\/wp-json\/wp\/v2\/product_cat?post=1310"},{"taxonomy":"product_tag","embeddable":true,"href":"https:\/\/mejor-sonido.com\/wp\/wp-json\/wp\/v2\/product_tag?post=1310"}],"curies":[{"name":"wp","href":"https:\/\/api.w.org\/{rel}","templated":true}]}}