{"id":1225,"date":"2025-03-10T18:52:44","date_gmt":"2025-03-10T18:52:44","guid":{"rendered":"https:\/\/mejor-sonido.com\/wp\/?post_type=product&#038;p=1225"},"modified":"2025-07-10T16:21:41","modified_gmt":"2025-07-10T16:21:41","slug":"soporte-para-teclado-ergo-lok-double-x-con-construccion-lok-tight","status":"publish","type":"product","link":"https:\/\/mejor-sonido.com\/wp\/product\/soporte-para-teclado-ergo-lok-double-x-con-construccion-lok-tight\/","title":{"rendered":"Soporte para teclado ERGO-LOK Double-X con construcci\u00f3n Lok-Tight"},"content":{"rendered":"<p>Dise\u00f1ado teniendo en mente la resistencia y la comodidad, nuestro soporte para teclado KS8291XX ERGO-LOK Double-X con construcci\u00f3n Lok-Tight proporciona una base amplia y estable y un soporte antideslizante para teclados pesados \u200b\u200bde gran formato. Este soporte vers\u00e1til se ajusta en altura y longitud para adaptarse a varios tama\u00f1os de teclados y estilos de interpretaci\u00f3n y cuenta con fundas ajustables antideslizantes para los brazos para adaptarse a una variedad de anchos de teclado. Todo el soporte se pliega para un almacenamiento y transporte convenientes.<\/p>\n","protected":false},"excerpt":{"rendered":"<div class=\"item\"><span class=\"name\"><span class=\"title\">El mecanismo de liberaci\u00f3n del embrague est\u00e1 ubicado en lo alto del soporte para realizar ajustes eficientes de altura y longitud.<\/span><\/span><\/div>\n<div class=\"item\"><span class=\"name\"><span class=\"title\">Tubos cuadrados de alta resistencia para un soporte de teclado confiable<\/span><\/span><\/div>\n<div class=\"item\"><span class=\"name\"><span class=\"title\">La construcci\u00f3n Lok-Tight es f\u00e1cil de ensamblar con las herramientas incluidas<\/span><\/span><\/div>\n<div class=\"item\"><span class=\"name\"><span class=\"title\">Las fundas de brazo antideslizantes se ajustan al ancho del teclado para aumentar la estabilidad y evitar rayones.<\/span><\/span><\/div>\n","protected":false},"featured_media":1226,"template":"","meta":[],"product_brand":[50],"product_cat":[83],"product_tag":[],"class_list":{"0":"post-1225","1":"product","2":"type-product","3":"status-publish","4":"has-post-thumbnail","6":"product_brand-on-stage","7":"product_cat-parlantes","9":"first","10":"instock","11":"taxable","12":"shipping-taxable","13":"purchasable","14":"product-type-simple"},"_links":{"self":[{"href":"https:\/\/mejor-sonido.com\/wp\/wp-json\/wp\/v2\/product\/1225","targetHints":{"allow":["GET"]}}],"collection":[{"href":"https:\/\/mejor-sonido.com\/wp\/wp-json\/wp\/v2\/product"}],"about":[{"href":"https:\/\/mejor-sonido.com\/wp\/wp-json\/wp\/v2\/types\/product"}],"wp:featuredmedia":[{"embeddable":true,"href":"https:\/\/mejor-sonido.com\/wp\/wp-json\/wp\/v2\/media\/1226"}],"wp:attachment":[{"href":"https:\/\/mejor-sonido.com\/wp\/wp-json\/wp\/v2\/media?parent=1225"}],"wp:term":[{"taxonomy":"product_brand","embeddable":true,"href":"https:\/\/mejor-sonido.com\/wp\/wp-json\/wp\/v2\/product_brand?post=1225"},{"taxonomy":"product_cat","embeddable":true,"href":"https:\/\/mejor-sonido.com\/wp\/wp-json\/wp\/v2\/product_cat?post=1225"},{"taxonomy":"product_tag","embeddable":true,"href":"https:\/\/mejor-sonido.com\/wp\/wp-json\/wp\/v2\/product_tag?post=1225"}],"curies":[{"name":"wp","href":"https:\/\/api.w.org\/{rel}","templated":true}]}}