{"id":1130,"date":"2025-03-10T16:13:48","date_gmt":"2025-03-10T16:13:48","guid":{"rendered":"https:\/\/mejor-sonido.com\/wp\/?post_type=product&#038;p=1130"},"modified":"2025-04-24T20:32:39","modified_gmt":"2025-04-24T20:32:39","slug":"soporte-de-iluminacion-con-barras-laterales","status":"publish","type":"product","link":"https:\/\/mejor-sonido.com\/wp\/product\/soporte-de-iluminacion-con-barras-laterales\/","title":{"rendered":"Soporte de iluminaci\u00f3n con barras laterales"},"content":{"rendered":"<p>Nuestro soporte de iluminaci\u00f3n LS7720BLT con barras laterales es una forma eficiente y segura de montar y desmontar la iluminaci\u00f3n port\u00e1til. Cuenta con tres barras de montaje y un eje de altura ajustable que se extiende hasta 10 pies, lo que brinda soporte para configuraciones de iluminaci\u00f3n altas y complejas. La barra en T superior monta cuatro focos PAR, mientras que las dos barras laterales montan dos focos PAR cada una, y se incluye el hardware para montar los ocho dispositivos. La base ancha con patas antideslizantes proporciona una estabilidad excepcional y un equilibrio de carga para un rendimiento confiable incluso en superficies irregulares. Para facilitar el almacenamiento y el transporte, las barras de iluminaci\u00f3n se desmontan y la base del tr\u00edpode se pliega hasta quedar plana.<\/p>\n","protected":false},"excerpt":{"rendered":"<div class=\"item\">\u00a0<span class=\"name\"><span class=\"title\">Se incluye el hardware para montar correctamente las ocho luminarias.<\/span><\/span><\/div>\n<div class=\"item\">\u00a0<span class=\"name\"><span class=\"title\">El eje resistente se ajusta entre 60&#8243; y 120&#8243; para soportar configuraciones de iluminaci\u00f3n altas y complejas<\/span><\/span><\/div>\n<div class=\"item\">\u00a0<span class=\"name\"><span class=\"title\">La barra en T superior monta cuatro latas PAR, mientras que dos barras laterales montan dos latas PAR cada una.<\/span><\/span><\/div>\n<div class=\"item\">\u00a0<span class=\"name\"><span class=\"title\">La base ancha con patas de goma antideslizantes proporciona una base estable para una iluminaci\u00f3n segura y protegida.<\/span><\/span><\/div>\n","protected":false},"featured_media":1131,"template":"","meta":[],"product_brand":[50],"product_cat":[83],"product_tag":[],"class_list":{"0":"post-1130","1":"product","2":"type-product","3":"status-publish","4":"has-post-thumbnail","6":"product_brand-on-stage","7":"product_cat-parlantes","9":"first","10":"instock","11":"taxable","12":"shipping-taxable","13":"purchasable","14":"product-type-simple"},"_links":{"self":[{"href":"https:\/\/mejor-sonido.com\/wp\/wp-json\/wp\/v2\/product\/1130","targetHints":{"allow":["GET"]}}],"collection":[{"href":"https:\/\/mejor-sonido.com\/wp\/wp-json\/wp\/v2\/product"}],"about":[{"href":"https:\/\/mejor-sonido.com\/wp\/wp-json\/wp\/v2\/types\/product"}],"wp:featuredmedia":[{"embeddable":true,"href":"https:\/\/mejor-sonido.com\/wp\/wp-json\/wp\/v2\/media\/1131"}],"wp:attachment":[{"href":"https:\/\/mejor-sonido.com\/wp\/wp-json\/wp\/v2\/media?parent=1130"}],"wp:term":[{"taxonomy":"product_brand","embeddable":true,"href":"https:\/\/mejor-sonido.com\/wp\/wp-json\/wp\/v2\/product_brand?post=1130"},{"taxonomy":"product_cat","embeddable":true,"href":"https:\/\/mejor-sonido.com\/wp\/wp-json\/wp\/v2\/product_cat?post=1130"},{"taxonomy":"product_tag","embeddable":true,"href":"https:\/\/mejor-sonido.com\/wp\/wp-json\/wp\/v2\/product_tag?post=1130"}],"curies":[{"name":"wp","href":"https:\/\/api.w.org\/{rel}","templated":true}]}}